{"id":6,"date":"2018-01-31T14:01:34","date_gmt":"2018-01-31T14:01:34","guid":{"rendered":"http:\/\/apressthemes.com\/demo75\/?page_id=6"},"modified":"2021-05-06T01:34:32","modified_gmt":"2021-05-05T23:34:32","slug":"home","status":"publish","type":"page","link":"https:\/\/deltacomfrance.com\/","title":{"rendered":"Home"},"content":{"rendered":"<p>[vc_row equal_height=\u00a0\u00bbyes\u00a0\u00bb content_placement=\u00a0\u00bbmiddle\u00a0\u00bb css=\u00a0\u00bb.vc_custom_1620256354572{padding-top: 100px !important;padding-bottom: 150px !important;background-position: center !important;background-repeat: no-repeat !important;background-size: cover !important;}\u00a0\u00bb el_id=\u00a0\u00bbpropos\u00a0\u00bb][vc_column width=\u00a0\u00bb1\/3&Prime; apress_parallax_type=\u00a0\u00bbforeground\u00a0\u00bb apress_parallax_speed=\u00a0\u00bb-1&Prime; column_custom_position=\u00a0\u00bbyes\u00a0\u00bb position_top=\u00a0\u00bb-20&Prime;][apress_expanding_image image=\u00a0\u00bb179&Prime; img_size=\u00a0\u00bbfull\u00a0\u00bb max_width=\u00a0\u00bb150%\u00a0\u00bb border_radius=\u00a0\u00bb10&Prime; exapanding_image_shadow=\u00a0\u00bbbox_shadow_enable:enable|shadow_horizontal:4|shadow_vertical:10|shadow_blur:25|shadow_spread:0|box_shadow_color:rgba(0%2C0%2C0%2C0.2)\u00a0\u00bb][\/vc_column][vc_column width=\u00a0\u00bb1\/3&Prime; apress_parallax_type=\u00a0\u00bbforeground\u00a0\u00bb apress_parallax_speed=\u00a0\u00bb1&Prime; column_custom_position=\u00a0\u00bbyes\u00a0\u00bb][apress_expanding_image image=\u00a0\u00bb182&Prime; img_size=\u00a0\u00bbfull\u00a0\u00bb alignment=\u00a0\u00bbright\u00a0\u00bb max_width=\u00a0\u00bb150%\u00a0\u00bb][\/vc_column][vc_column width=\u00a0\u00bb1\/3&Prime; el_class=\u00a0\u00bbcustom_sidebar\u00a0\u00bb][apress_heading sub_title=\u00a0\u00bb\u00a0\u00bb content_alignment=\u00a0\u00bbleft\u00a0\u00bb enable_delimiter=\u00a0\u00bb\u00a0\u00bb color_scheme=\u00a0\u00bbdesign_your_own\u00a0\u00bb main_heading_color=\u00a0\u00bb#333333&Prime; style=\u00a0\u00bbheading_style1&Prime; title_font_options=\u00a0\u00bbtag:h2|font_size:50|line_height:50|letter_spacing:1&Prime; subtitle_font_options=\u00a0\u00bbtag:div\u00a0\u00bb subheading_margin=\u00a0\u00bbmargin-top:20|margin-bottom:20&Prime; heading_margin=\u00a0\u00bbmargin-bottom:30&Prime;]Qui sommes nous ?[\/apress_heading][apress_heading sub_title=\u00a0\u00bb\u00a0\u00bb content_alignment=\u00a0\u00bbleft\u00a0\u00bb enable_delimiter=\u00a0\u00bb\u00a0\u00bb color_scheme=\u00a0\u00bbdesign_your_own\u00a0\u00bb main_heading_color=\u00a0\u00bb#333333&Prime; style=\u00a0\u00bbheading_style1&Prime; title_font_options=\u00a0\u00bbtag:div\u00a0\u00bb subtitle_font_options=\u00a0\u00bbtag:div\u00a0\u00bb subheading_margin=\u00a0\u00bbmargin-top:20|margin-bottom:20&Prime;]Deltacom France est une soci\u00e9t\u00e9 de conseil qui accompagne les entreprises dans leur transformation digitale et le pilotage de leurs projets IT<\/p>\n<p>Nous sommes aux c\u00f4t\u00e9s d\u2019entreprises de toutes tailles, en France et \u00e0 l\u2019international afin d\u2019apporter une plus value et contribuer au succ\u00e8s de leurs projets<\/p>\n<p>Nous nous adaptons aux sp\u00e9cificit\u00e9s de chaque consultant ainsi qu\u2019\u00e0 l\u2019organisation de chaque entreprise.<\/p>\n<p>Dans un secteur en perp\u00e9tuel \u00e9volution, nous nous positionnons comme un partenaire strat\u00e9gique de proximit\u00e9 afin de r\u00e9ussir vos projets et mener \u00e0 bien votre transformation digitale.[\/apress_heading][\/vc_column][\/vc_row][vc_row equal_height=\u00a0\u00bbyes\u00a0\u00bb content_placement=\u00a0\u00bbmiddle\u00a0\u00bb css=\u00a0\u00bb.vc_custom_1620256372290{padding-top: 100px !important;padding-bottom: 150px !important;background-position: center !important;background-repeat: no-repeat !important;background-size: cover !important;}\u00a0\u00bb el_id=\u00a0\u00bbexpertise\u00a0\u00bb][vc_column width=\u00a0\u00bb1\/3&Prime; apress_parallax_type=\u00a0\u00bbforeground\u00a0\u00bb apress_parallax_speed=\u00a0\u00bb-1&Prime; column_custom_position=\u00a0\u00bbyes\u00a0\u00bb position_top=\u00a0\u00bb-20&Prime;][apress_heading sub_title=\u00a0\u00bb\u00a0\u00bb content_alignment=\u00a0\u00bbleft\u00a0\u00bb enable_delimiter=\u00a0\u00bb\u00a0\u00bb color_scheme=\u00a0\u00bbdesign_your_own\u00a0\u00bb main_heading_color=\u00a0\u00bb#333333&Prime; style=\u00a0\u00bbheading_style1&Prime; title_font_options=\u00a0\u00bbtag:h2|font_size:50|line_height:50|letter_spacing:1&Prime; subtitle_font_options=\u00a0\u00bbtag:div\u00a0\u00bb subheading_margin=\u00a0\u00bbmargin-top:20|margin-bottom:20&Prime; heading_margin=\u00a0\u00bbmargin-bottom:30&Prime;]Notre expertise[\/apress_heading][apress_heading sub_title=\u00a0\u00bb\u00a0\u00bb content_alignment=\u00a0\u00bbleft\u00a0\u00bb enable_delimiter=\u00a0\u00bb\u00a0\u00bb color_scheme=\u00a0\u00bbdesign_your_own\u00a0\u00bb main_heading_color=\u00a0\u00bb#333333&Prime; style=\u00a0\u00bbheading_style1&Prime; title_font_options=\u00a0\u00bbtag:div\u00a0\u00bb subtitle_font_options=\u00a0\u00bbtag:div\u00a0\u00bb subheading_margin=\u00a0\u00bbmargin-top:20|margin-bottom:20&Prime;]Nous avons choisi de nous impliquer sur les questions environnementales, soci\u00e9tales et \u00e9conomiques en accord avec les valeurs de l\u2019entreprise.<\/p>\n<p>C\u2019est pour cela que nos experts sauront vous accompagner, autant sur le d\u00e9veloppement que l\u2019int\u00e9gration, afin de r\u00e9pondre aux enjeux num\u00e9riques actuels, tout en privil\u00e9giant un accompagnement sur mesure.<\/p>\n<p>Reconnus pour la qualit\u00e9 de nos services, nous mettons le facteur humain en premi\u00e8re ligne, autant sur l\u2019exp\u00e9rience client que celle de nos collaborateurs.<\/p>\n<p>C\u2019est avec cet \u00e9tat d\u2019esprit que nous proposons un service de qualit\u00e9 avec des professionnels passionn\u00e9s et exp\u00e9riment\u00e9s.[\/apress_heading][\/vc_column][vc_column width=\u00a0\u00bb1\/3&Prime; apress_parallax_type=\u00a0\u00bbforeground\u00a0\u00bb apress_parallax_speed=\u00a0\u00bb1&Prime; column_custom_position=\u00a0\u00bbyes\u00a0\u00bb][\/vc_column][vc_column width=\u00a0\u00bb1\/3&Prime; el_class=\u00a0\u00bbcustom_sidebar\u00a0\u00bb][apress_expanding_image image=\u00a0\u00bb185&Prime; img_size=\u00a0\u00bbfull\u00a0\u00bb alignment=\u00a0\u00bbright\u00a0\u00bb max_width=\u00a0\u00bb150%\u00a0\u00bb border_radius=\u00a0\u00bb10&Prime; exapanding_image_shadow=\u00a0\u00bbbox_shadow_enable:enable|shadow_horizontal:4|shadow_vertical:10|shadow_blur:25|shadow_spread:0|box_shadow_color:rgba(0%2C0%2C0%2C0.2)\u00a0\u00bb][\/vc_column][\/vc_row][vc_row css=\u00a0\u00bb.vc_custom_1620256400862{padding-top: 100px !important;padding-bottom: 50px !important;}\u00a0\u00bb el_id=\u00a0\u00bbCarri\u00e8res\u00a0\u00bb][vc_column][apress_heading sub_title=\u00a0\u00bb\u00a0\u00bb enable_delimiter=\u00a0\u00bb\u00a0\u00bb color_scheme=\u00a0\u00bbdesign_your_own\u00a0\u00bb main_heading_color=\u00a0\u00bb#333333&Prime; style=\u00a0\u00bbheading_style1&Prime; title_font_options=\u00a0\u00bbtag:h2|font_size:50|line_height:60|letter_spacing:1&Prime; subtitle_font_options=\u00a0\u00bbtag:div\u00a0\u00bb heading_margin=\u00a0\u00bbmargin-bottom:50&Prime;]Nos p\u00f4les d\u2019expertise[\/apress_heading][apress_vertical_separator vertical_separator_width=\u00a0\u00bb1&Prime; vertical_separator_height=\u00a0\u00bb100&Prime; vertical_separator_align=\u00a0\u00bbcenter\u00a0\u00bb vertical_separator_color=\u00a0\u00bb#4a36e7&Prime;][\/vc_column][\/vc_row][vc_row equal_height=\u00a0\u00bbyes\u00a0\u00bb content_placement=\u00a0\u00bbmiddle\u00a0\u00bb css=\u00a0\u00bb.vc_custom_1517498569389{padding-bottom: 50px !important;}\u00a0\u00bb][vc_column width=\u00a0\u00bb5\/12&Prime;][apress_expanding_image image=\u00a0\u00bb168&Prime; img_size=\u00a0\u00bbmedium\u00a0\u00bb max_width=\u00a0\u00bb150%\u00a0\u00bb border_radius=\u00a0\u00bb20&Prime; exapanding_image_shadow=\u00a0\u00bbbox_shadow_enable:enable|shadow_horizontal:4|shadow_vertical:10|shadow_blur:20|shadow_spread:0|box_shadow_color:rgba(0%2C0%2C0%2C0.2)\u00a0\u00bb][\/vc_column][vc_column width=\u00a0\u00bb1\/4&Prime;][\/vc_column][vc_column width=\u00a0\u00bb1\/3&Prime; apress_parallax_type=\u00a0\u00bbforeground\u00a0\u00bb apress_parallax_speed=\u00a0\u00bb1&Prime; apress_zindex=\u00a0\u00bb2&Prime;][apress_heading sub_title=\u00a0\u00bb\u00a0\u00bb content_alignment=\u00a0\u00bbleft\u00a0\u00bb enable_delimiter=\u00a0\u00bb\u00a0\u00bb color_scheme=\u00a0\u00bbdesign_your_own\u00a0\u00bb main_heading_color=\u00a0\u00bb#333333&Prime; style=\u00a0\u00bbheading_style1&Prime; title_font_options=\u00a0\u00bbtag:h2|line_height:40|font_style_bold:1&Prime; subtitle_font_options=\u00a0\u00bbtag:div\u00a0\u00bb heading_margin=\u00a0\u00bbmargin-bottom:20&Prime; subheading_margin=\u00a0\u00bbmargin-bottom:30&Prime;]<em>Secteurs<\/em>[\/apress_heading][apress_heading sub_title=\u00a0\u00bb\u00a0\u00bb content_alignment=\u00a0\u00bbleft\u00a0\u00bb enable_delimiter=\u00a0\u00bb\u00a0\u00bb color_scheme=\u00a0\u00bbdesign_your_own\u00a0\u00bb style=\u00a0\u00bbheading_style1&Prime; title_font_options=\u00a0\u00bbtag:div|font_style_bold:1&Prime; subtitle_font_options=\u00a0\u00bbtag:div\u00a0\u00bb heading_margin=\u00a0\u00bbmargin-bottom:20&Prime; subheading_margin=\u00a0\u00bbmargin-bottom:30&Prime;]\u2022 Banque &amp; Assurance<br \/>\n\u2022 T\u00e9l\u00e9coms \/ M\u00e9dias<br \/>\n\u2022 Distribution \/ Industrie<br \/>\n\u2022 Energies &amp; Utilities<br \/>\n\u2022 Transports \/ Logistique<br \/>\n\u2022 Secteur priv\u00e9 \/ Services<br \/>\n\u2022 Secteur Public \/ Institutions[\/apress_heading][\/vc_column][\/vc_row][vc_row css=\u00a0\u00bb.vc_custom_1620257670014{padding-top: 50px !important;padding-bottom: 50px !important;}\u00a0\u00bb][vc_column][apress_vertical_separator vertical_separator_width=\u00a0\u00bb1&Prime; vertical_separator_height=\u00a0\u00bb100&Prime; vertical_separator_align=\u00a0\u00bbcenter\u00a0\u00bb vertical_separator_color=\u00a0\u00bb#4a36e7&Prime;][\/vc_column][\/vc_row][vc_row equal_height=\u00a0\u00bbyes\u00a0\u00bb content_placement=\u00a0\u00bbmiddle\u00a0\u00bb css=\u00a0\u00bb.vc_custom_1620252600348{padding-bottom: 50px !important;}\u00a0\u00bb][vc_column width=\u00a0\u00bb1\/3&Prime;][apress_heading sub_title=\u00a0\u00bb\u00a0\u00bb content_alignment=\u00a0\u00bbleft\u00a0\u00bb enable_delimiter=\u00a0\u00bb\u00a0\u00bb color_scheme=\u00a0\u00bbdesign_your_own\u00a0\u00bb main_heading_color=\u00a0\u00bb#333333&Prime; style=\u00a0\u00bbheading_style1&Prime; title_font_options=\u00a0\u00bbtag:h2|line_height:100|font_style_bold:1&Prime; subtitle_font_options=\u00a0\u00bbtag:div\u00a0\u00bb heading_margin=\u00a0\u00bbmargin-bottom:20&Prime; subheading_margin=\u00a0\u00bbmargin-bottom:30&Prime;]<em>Technologies<\/em>[\/apress_heading][apress_heading sub_title=\u00a0\u00bb\u00a0\u00bb content_alignment=\u00a0\u00bbleft\u00a0\u00bb enable_delimiter=\u00a0\u00bb\u00a0\u00bb color_scheme=\u00a0\u00bbdesign_your_own\u00a0\u00bb style=\u00a0\u00bbheading_style1&Prime; title_font_options=\u00a0\u00bbtag:div|font_style_bold:1&Prime; subtitle_font_options=\u00a0\u00bbtag:div\u00a0\u00bb heading_margin=\u00a0\u00bbmargin-bottom:20&Prime; subheading_margin=\u00a0\u00bbmargin-bottom:30&Prime;]\u2022 Strat\u00e9gie digitale \/ Informatique<br \/>\n\u2022 Intelligence artificielle, data &amp; IOT<br \/>\n\u2022 Ing\u00e9nierie, int\u00e9gration<br \/>\n\u2022 DevOps<br \/>\n\u2022 Architecture syst\u00e8me d\u2019information<br \/>\n\u2022 Cybers\u00e9curit\u00e9[\/apress_heading][\/vc_column][vc_column width=\u00a0\u00bb1\/4&Prime;][\/vc_column][vc_column width=\u00a0\u00bb5\/12&Prime; apress_parallax_type=\u00a0\u00bbforeground\u00a0\u00bb apress_parallax_speed=\u00a0\u00bb1&Prime;][apress_expanding_image image=\u00a0\u00bb167&Prime; img_size=\u00a0\u00bbmedium\u00a0\u00bb alignment=\u00a0\u00bbright\u00a0\u00bb max_width=\u00a0\u00bb150%\u00a0\u00bb border_radius=\u00a0\u00bb20&Prime; exapanding_image_shadow=\u00a0\u00bbbox_shadow_enable:enable|shadow_horizontal:4|shadow_vertical:10|shadow_blur:20|shadow_spread:0|box_shadow_color:rgba(0%2C0%2C0%2C0.2)\u00a0\u00bb][\/vc_column][\/vc_row][vc_row css=\u00a0\u00bb.vc_custom_1517496965413{padding-top: 100px !important;padding-bottom: 50px !important;}\u00a0\u00bb][vc_column][apress_vertical_separator vertical_separator_width=\u00a0\u00bb1&Prime; vertical_separator_height=\u00a0\u00bb100&Prime; vertical_separator_align=\u00a0\u00bbcenter\u00a0\u00bb vertical_separator_color=\u00a0\u00bb#4a36e7&Prime;][\/vc_column][\/vc_row][vc_row][vc_column][vc_column_text]<\/p>\n<p>[\/vc_column_text][\/vc_column][\/vc_row][vc_row full_width=\u00a0\u00bbstretch_row_content_no_spaces\u00a0\u00bb apress_enable_row_overlay=\u00a0\u00bb\u00a0\u00bb el_id=\u00a0\u00bbcontacter\u00a0\u00bb][vc_column centered_text=\u00a0\u00bbtrue\u00a0\u00bb apress_column_overlay_color=\u00a0\u00bbrgba(48,28,10,0.31)\u00a0\u00bb apress_column_overlay_hover_color=\u00a0\u00bbrgba(0,0,0,0.66)\u00a0\u00bb apress_column_hover_effect=\u00a0\u00bbzoomin_Inside\u00a0\u00bb css=\u00a0\u00bb.vc_custom_1620253912259{padding-top: 150px !important;padding-bottom: 150px !important;background-image: url(http:\/\/deltacomfrance.com\/wp-content\/uploads\/2021\/05\/business-man-financial-inspector-and-secretary-making-report-calculating-or-checking-balance-internal-revenue-service-inspector-checking-document-audit-concept.jpg?id=201) !important;background-position: center !important;background-repeat: no-repeat !important;background-size: cover !important;}\u00a0\u00bb][apress_heading sub_title=\u00a0\u00bb\u00a0\u00bb data_animation=\u00a0\u00bbfadeInUp\u00a0\u00bb enable_delimiter=\u00a0\u00bb\u00a0\u00bb color_scheme=\u00a0\u00bbdesign_your_own\u00a0\u00bb main_heading_color=\u00a0\u00bb#ffffff\u00a0\u00bb style=\u00a0\u00bbheading_style1&Prime; heading_margin=\u00a0\u00bbmargin-bottom:20&Prime; title_font_options=\u00a0\u00bbtag:h2|font_size:50|line_height:40|letter_spacing:1&Prime; subtitle_font_options=\u00a0\u00bbtag:div|color:%23ffffff\u00a0\u00bb subheading_margin=\u00a0\u00bbmargin-bottom:20&Prime;]Rejoignez-nous ![\/apress_heading][apress_heading sub_title=\u00a0\u00bb\u00a0\u00bb data_animation=\u00a0\u00bbfadeInUp\u00a0\u00bb enable_delimiter=\u00a0\u00bb\u00a0\u00bb color_scheme=\u00a0\u00bbdesign_your_own\u00a0\u00bb main_heading_color=\u00a0\u00bb#ffffff\u00a0\u00bb style=\u00a0\u00bbheading_style1&Prime; heading_margin=\u00a0\u00bbmargin-bottom:20&Prime; title_font_options=\u00a0\u00bbtag:h2|font_size:20|line_height:40|letter_spacing:1&Prime; subtitle_font_options=\u00a0\u00bbtag:div|color:%23ffffff\u00a0\u00bb subheading_margin=\u00a0\u00bbmargin-bottom:20&Prime;]Rejoindre Deltacom, c\u2019est \u00e9voluer dans un monde num\u00e9rique bas\u00e9 sur vos ambitions et vos projets.<br \/>\nNos experts sauront \u00eatre \u00e0 l\u2019\u00e9coute afin de valoriser vos comp\u00e9tences et vous permettre de toujours gagner en expertise.[\/apress_heading][vc_row_inner][vc_column_inner width=\u00a0\u00bb1\/4&Prime;][\/vc_column_inner][vc_column_inner width=\u00a0\u00bb1\/2&Prime;]<div role=\"form\" class=\"wpcf7\" id=\"wpcf7-f11-o1\" lang=\"fr-FR\" dir=\"ltr\">\n<div class=\"screen-reader-response\"><p role=\"status\" aria-live=\"polite\" aria-atomic=\"true\"><\/p> <ul><\/ul><\/div>\n<form action=\"\/index.php\/wp-json\/wp\/v2\/pages\/6#wpcf7-f11-o1\" method=\"post\" class=\"wpcf7-form init\" novalidate=\"novalidate\" data-status=\"init\">\n<div style=\"display: none;\">\n<input type=\"hidden\" name=\"_wpcf7\" value=\"11\" \/>\n<input type=\"hidden\" name=\"_wpcf7_version\" value=\"5.4\" \/>\n<input type=\"hidden\" name=\"_wpcf7_locale\" value=\"fr_FR\" \/>\n<input type=\"hidden\" name=\"_wpcf7_unit_tag\" value=\"wpcf7-f11-o1\" \/>\n<input type=\"hidden\" name=\"_wpcf7_container_post\" value=\"0\" \/>\n<input type=\"hidden\" name=\"_wpcf7_posted_data_hash\" value=\"\" \/>\n<\/div>\n<p><label> Votre nom<br \/>\n    <span class=\"wpcf7-form-control-wrap your-name\"><input type=\"text\" name=\"your-name\" value=\"\" size=\"40\" class=\"wpcf7-form-control wpcf7-text wpcf7-validates-as-required\" aria-required=\"true\" aria-invalid=\"false\" \/><\/span> <\/label><\/p>\n<p><label> Votre e-mail<br \/>\n    <span class=\"wpcf7-form-control-wrap your-email\"><input type=\"email\" name=\"your-email\" value=\"\" size=\"40\" class=\"wpcf7-form-control wpcf7-text wpcf7-email wpcf7-validates-as-required wpcf7-validates-as-email\" aria-required=\"true\" aria-invalid=\"false\" \/><\/span> <\/label><\/p>\n<p><label> Objet<br \/>\n    <span class=\"wpcf7-form-control-wrap your-subject\"><input type=\"text\" name=\"your-subject\" value=\"\" size=\"40\" class=\"wpcf7-form-control wpcf7-text wpcf7-validates-as-required\" aria-required=\"true\" aria-invalid=\"false\" \/><\/span> <\/label><\/p>\n<p><label> Votre message (facultatif)<br \/>\n    <span class=\"wpcf7-form-control-wrap your-message\"><textarea name=\"your-message\" cols=\"40\" rows=\"10\" class=\"wpcf7-form-control wpcf7-textarea\" aria-invalid=\"false\"><\/textarea><\/span> <\/label><\/p>\n<p><input type=\"submit\" value=\"Envoyer\" class=\"wpcf7-form-control wpcf7-submit\" \/><\/p>\n<div class=\"wpcf7-response-output\" aria-hidden=\"true\"><\/div><\/form><\/div>[\/vc_column_inner][vc_column_inner width=\u00a0\u00bb1\/4&Prime;][\/vc_column_inner][\/vc_row_inner][\/vc_column][\/vc_row]<\/p>\n","protected":false},"excerpt":{"rendered":"<p>[vc_row equal_height=\u00a0\u00bbyes\u00a0\u00bb content_placement=\u00a0\u00bbmiddle\u00a0\u00bb css=\u00a0\u00bb.vc_custom_1620256354572{padding-top: 100px !important;padding-bottom: 150px !important;background-position: center !important;background-repeat: no-repeat !important;background-size: cover !important;}\u00a0\u00bb el_id=\u00a0\u00bbpropos\u00a0\u00bb][vc_column width=\u00a0\u00bb1\/3&Prime; apress_parallax_type=\u00a0\u00bbforeground\u00a0\u00bb apress_parallax_speed=\u00a0\u00bb-1&Prime; column_custom_position=\u00a0\u00bbyes\u00a0\u00bb position_top=\u00a0\u00bb-20&Prime;][apress_expanding_image image=\u00a0\u00bb179&Prime; img_size=\u00a0\u00bbfull\u00a0\u00bb max_width=\u00a0\u00bb150%\u00a0\u00bb border_radius=\u00a0\u00bb10&Prime; exapanding_image_shadow=\u00a0\u00bbbox_shadow_enable:enable|shadow_horizontal:4|shadow_vertical:10|shadow_blur:25|shadow_spread:0|box_shadow_color:rgba(0%2C0%2C0%2C0.2)\u00a0\u00bb][\/vc_column][vc_column width=\u00a0\u00bb1\/3&Prime; apress_parallax_type=\u00a0\u00bbforeground\u00a0\u00bb apress_parallax_speed=\u00a0\u00bb1&Prime; column_custom_position=\u00a0\u00bbyes\u00a0\u00bb][apress_expanding_image image=\u00a0\u00bb182&Prime; img_size=\u00a0\u00bbfull\u00a0\u00bb alignment=\u00a0\u00bbright\u00a0\u00bb max_width=\u00a0\u00bb150%\u00a0\u00bb][\/vc_column][vc_column width=\u00a0\u00bb1\/3&Prime; el_class=\u00a0\u00bbcustom_sidebar\u00a0\u00bb][apress_heading sub_title=\u00a0\u00bb\u00a0\u00bb content_alignment=\u00a0\u00bbleft\u00a0\u00bb enable_delimiter=\u00a0\u00bb\u00a0\u00bb color_scheme=\u00a0\u00bbdesign_your_own\u00a0\u00bb main_heading_color=\u00a0\u00bb#333333&Prime;<span class=\"read_more_area\"><a class=\"read-more\" href=\"https:\/\/deltacomfrance.com\/\"> Continue Reading <\/a><\/span><\/p>\n","protected":false},"author":1,"featured_media":0,"parent":0,"menu_order":0,"comment_status":"closed","ping_status":"closed","template":"","meta":[],"_links":{"self":[{"href":"https:\/\/deltacomfrance.com\/index.php\/wp-json\/wp\/v2\/pages\/6"}],"collection":[{"href":"https:\/\/deltacomfrance.com\/index.php\/wp-json\/wp\/v2\/pages"}],"about":[{"href":"https:\/\/deltacomfrance.com\/index.php\/wp-json\/wp\/v2\/types\/page"}],"author":[{"embeddable":true,"href":"https:\/\/deltacomfrance.com\/index.php\/wp-json\/wp\/v2\/users\/1"}],"replies":[{"embeddable":true,"href":"https:\/\/deltacomfrance.com\/index.php\/wp-json\/wp\/v2\/comments?post=6"}],"version-history":[{"count":37,"href":"https:\/\/deltacomfrance.com\/index.php\/wp-json\/wp\/v2\/pages\/6\/revisions"}],"predecessor-version":[{"id":216,"href":"https:\/\/deltacomfrance.com\/index.php\/wp-json\/wp\/v2\/pages\/6\/revisions\/216"}],"wp:attachment":[{"href":"https:\/\/deltacomfrance.com\/index.php\/wp-json\/wp\/v2\/media?parent=6"}],"curies":[{"name":"wp","href":"https:\/\/api.w.org\/{rel}","templated":true}]}}